{"id":364,"date":"2025-03-10T10:48:30","date_gmt":"2025-03-10T13:48:30","guid":{"rendered":"https:\/\/faculdadeguerra.edu.br\/novosite\/?page_id=364"},"modified":"2025-11-15T18:40:03","modified_gmt":"2025-11-15T21:40:03","slug":"termos-de-uso","status":"publish","type":"page","link":"https:\/\/faculdadeguerra.edu.br\/novosite\/termos-de-uso\/","title":{"rendered":"Termos de Uso"},"content":{"rendered":"\t\t<div data-elementor-type=\"wp-page\" data-elementor-id=\"364\" class=\"elementor elementor-364\" data-elementor-post-type=\"page\">\n\t\t\t\t<div class=\"elementor-element elementor-element-997ffe8 e-flex e-con-boxed e-con e-parent\" data-id=\"997ffe8\" data-element_type=\"container\" data-e-type=\"container\" data-settings=\"{&quot;background_background&quot;:&quot;classic&quot;}\">\n\t\t\t\t\t<div class=\"e-con-inner\">\n\t\t\t\t<div class=\"elementor-element elementor-element-008b7fb elementor-widget elementor-widget-heading\" data-id=\"008b7fb\" data-element_type=\"widget\" data-e-type=\"widget\" data-widget_type=\"heading.default\">\n\t\t\t\t<div class=\"elementor-widget-container\">\n\t\t\t\t\t<h2 class=\"elementor-heading-title elementor-size-default\">Termos de Uso da Faculdade Guerra\n<\/h2>\t\t\t\t<\/div>\n\t\t\t\t<\/div>\n\t\t\t\t\t<\/div>\n\t\t\t\t<\/div>\n\t\t<div class=\"elementor-element elementor-element-4a4cad8 e-flex e-con-boxed e-con e-parent\" data-id=\"4a4cad8\" data-element_type=\"container\" data-e-type=\"container\">\n\t\t\t\t\t<div class=\"e-con-inner\">\n\t\t\t\t<div class=\"elementor-element elementor-element-94d7881 elementor-widget elementor-widget-heading\" data-id=\"94d7881\" data-element_type=\"widget\" data-e-type=\"widget\" data-widget_type=\"heading.default\">\n\t\t\t\t<div class=\"elementor-widget-container\">\n\t\t\t\t\t<h2 class=\"elementor-heading-title elementor-size-default\">Bem-vindo(a) \u00e0 Faculdade Guerra!<\/h2>\t\t\t\t<\/div>\n\t\t\t\t<\/div>\n\t\t\t\t<div class=\"elementor-element elementor-element-ee98369 elementor-widget elementor-widget-text-editor\" data-id=\"ee98369\" data-element_type=\"widget\" data-e-type=\"widget\" data-widget_type=\"text-editor.default\">\n\t\t\t\t<div class=\"elementor-widget-container\">\n\t\t\t\t\t\t\t\t\t<p data-spm-anchor-id=\"2b75ac3d.11a43068.0.i27.5b68c921He2kaN\">Ao acessar o site, plataformas ou servi\u00e7os da Faculdade Guerra, voc\u00ea concorda com os termos abaixo. Leia atentamente antes de utilizar nossos recursos.<\/p><div class=\"my-2\">\u00a0<\/div><p><strong>Escopo dos Servi\u00e7os<\/strong><br \/>Oferecemos acesso a informa\u00e7\u00f5es institucionais, cursos, matr\u00edculas, ambiente virtual de aprendizagem (AVA) e suporte acad\u00eamico. O uso destes servi\u00e7os \u00e9 exclusivo para fins educacionais, vedada qualquer atividade comercial n\u00e3o autorizada.<\/p><div class=\"my-2\">\u00a0<\/div><p><strong>Responsabilidades do Usu\u00e1rio<\/strong><br \/>Voc\u00ea compromete-se a:<\/p><ul><li>N\u00e3o compartilhar conte\u00fado ilegal, ofensivo ou que viole direitos autorais.<\/li><li>Manter sigilo de dados de acesso (login\/senha).<\/li><li>Respeitar normas acad\u00eamicas, como a proibi\u00e7\u00e3o de pl\u00e1gio.<br \/>\u00c9 proibido o uso de rob\u00f4s ou softwares que prejudiquem o funcionamento do site.<\/li><\/ul><div class=\"my-2\">\u00a0<\/div><p><strong>Propriedade Intelectual<\/strong><br \/>Todo conte\u00fado disponibilizado (textos, logos, materiais did\u00e1ticos) \u00e9 protegido por direitos autorais. Voc\u00ea pode baixar materiais para uso pessoal\/acad\u00eamico, desde que cite a fonte. C\u00f3pia, distribui\u00e7\u00e3o ou venda sem autoriza\u00e7\u00e3o s\u00e3o proibidas.<\/p><div class=\"my-2\">\u00a0<\/div><p><strong>Isen\u00e7\u00e3o de Responsabilidade<\/strong><\/p><ul><li>N\u00e3o nos responsabilizamos por links externos ou conte\u00fado de terceiros.<\/li><li>Servi\u00e7os podem ser interrompidos para manuten\u00e7\u00e3o sem aviso pr\u00e9vio.<\/li><li>Resultados acad\u00eamicos (aprova\u00e7\u00e3o em exames, concursos) dependem exclusivamente do esfor\u00e7o do aluno.<\/li><\/ul><div class=\"my-2\">\u00a0<\/div><p><strong>Modifica\u00e7\u00f5es nos Termos<\/strong><br \/>Podemos atualizar estes termos a qualquer momento. Altera\u00e7\u00f5es ser\u00e3o comunicadas por e-mail ou aviso no site. O uso cont\u00ednuo ap\u00f3s a mudan\u00e7a implica aceita\u00e7\u00e3o.<\/p><div class=\"my-2\">\u00a0<\/div><p data-spm-anchor-id=\"2b75ac3d.11a43068.0.i21.5b68c921He2kaN\"><strong>Lei Aplic\u00e1vel<\/strong><br \/>Estes termos seguem a legisla\u00e7\u00e3o brasileira. Disputas ser\u00e3o resolvidas no foro da cidade de [<strong>Cidade da Faculdade Guerra <\/strong>], com exclus\u00e3o de qualquer outro.<\/p><div class=\"my-2\">\u00a0<\/div><p><strong>Contato<\/strong><br \/>D\u00favidas? Entre em contato:<br \/><strong>Faculdade Guerra<\/strong><br \/>E-mail: <strong><a href=\"mailto:dpo@faculdadeguerra.edu.br\" target=\"_blank\" rel=\"nofollow noopener\">contato@faculdadeguerra.edu.br\u00a0<\/a><\/strong><br \/>Telefone: (61) 3977-1272<\/p>\t\t\t\t\t\t\t\t<\/div>\n\t\t\t\t<\/div>\n\t\t\t\t\t<\/div>\n\t\t\t\t<\/div>\n\t\t\t\t<\/div>\n\t\t","protected":false},"excerpt":{"rendered":"<p>Termos de Uso da Faculdade Guerra Bem-vindo(a) \u00e0 Faculdade Guerra! Ao acessar o site, plataformas ou servi\u00e7os da Faculdade Guerra, voc\u00ea concorda com os termos abaixo. Leia atentamente antes de utilizar nossos recursos. \u00a0 Escopo dos Servi\u00e7osOferecemos acesso a informa\u00e7\u00f5es institucionais, cursos, matr\u00edculas, ambiente virtual de aprendizagem (AVA) e suporte acad\u00eamico. O uso destes servi\u00e7os [&hellip;]<\/p>\n","protected":false},"author":1,"featured_media":0,"parent":0,"menu_order":0,"comment_status":"closed","ping_status":"closed","template":"elementor_header_footer","meta":{"_joinchat":[],"footnotes":""},"class_list":["post-364","page","type-page","status-publish","hentry"],"yoast_head":"<!-- This site is optimized with the Yoast SEO plugin v27.4 - https:\/\/yoast.com\/product\/yoast-seo-wordpress\/ -->\n<title>Termos de Uso - Faculdade Guerra<\/title>\n<meta name=\"robots\" content=\"index, follow, max-snippet:-1, max-image-preview:large, max-video-preview:-1\" \/>\n<link rel=\"canonical\" href=\"https:\/\/faculdadeguerra.edu.br\/novosite\/termos-de-uso\/\" \/>\n<meta property=\"og:locale\" content=\"pt_BR\" \/>\n<meta property=\"og:type\" content=\"article\" \/>\n<meta property=\"og:title\" content=\"Termos de Uso - Faculdade Guerra\" \/>\n<meta property=\"og:description\" content=\"Termos de Uso da Faculdade Guerra Bem-vindo(a) \u00e0 Faculdade Guerra! Ao acessar o site, plataformas ou servi\u00e7os da Faculdade Guerra, voc\u00ea concorda com os termos abaixo. Leia atentamente antes de utilizar nossos recursos. \u00a0 Escopo dos Servi\u00e7osOferecemos acesso a informa\u00e7\u00f5es institucionais, cursos, matr\u00edculas, ambiente virtual de aprendizagem (AVA) e suporte acad\u00eamico. O uso destes servi\u00e7os [&hellip;]\" \/>\n<meta property=\"og:url\" content=\"https:\/\/faculdadeguerra.edu.br\/novosite\/termos-de-uso\/\" \/>\n<meta property=\"og:site_name\" content=\"Faculdade Guerra\" \/>\n<meta property=\"article:modified_time\" content=\"2025-11-15T21:40:03+00:00\" \/>\n<meta name=\"twitter:card\" content=\"summary_large_image\" \/>\n<meta name=\"twitter:label1\" content=\"Est. tempo de leitura\" \/>\n\t<meta name=\"twitter:data1\" content=\"2 minutos\" \/>\n<script type=\"application\/ld+json\" class=\"yoast-schema-graph\">{\"@context\":\"https:\\\/\\\/schema.org\",\"@graph\":[{\"@type\":\"WebPage\",\"@id\":\"https:\\\/\\\/faculdadeguerra.edu.br\\\/novosite\\\/termos-de-uso\\\/\",\"url\":\"https:\\\/\\\/faculdadeguerra.edu.br\\\/novosite\\\/termos-de-uso\\\/\",\"name\":\"Termos de Uso - Faculdade Guerra\",\"isPartOf\":{\"@id\":\"https:\\\/\\\/faculdadeguerra.edu.br\\\/novosite\\\/#website\"},\"datePublished\":\"2025-03-10T13:48:30+00:00\",\"dateModified\":\"2025-11-15T21:40:03+00:00\",\"breadcrumb\":{\"@id\":\"https:\\\/\\\/faculdadeguerra.edu.br\\\/novosite\\\/termos-de-uso\\\/#breadcrumb\"},\"inLanguage\":\"pt-BR\",\"potentialAction\":[{\"@type\":\"ReadAction\",\"target\":[\"https:\\\/\\\/faculdadeguerra.edu.br\\\/novosite\\\/termos-de-uso\\\/\"]}]},{\"@type\":\"BreadcrumbList\",\"@id\":\"https:\\\/\\\/faculdadeguerra.edu.br\\\/novosite\\\/termos-de-uso\\\/#breadcrumb\",\"itemListElement\":[{\"@type\":\"ListItem\",\"position\":1,\"name\":\"In\u00edcio\",\"item\":\"https:\\\/\\\/faculdadeguerra.edu.br\\\/novosite\\\/\"},{\"@type\":\"ListItem\",\"position\":2,\"name\":\"Termos de Uso\"}]},{\"@type\":\"WebSite\",\"@id\":\"https:\\\/\\\/faculdadeguerra.edu.br\\\/novosite\\\/#website\",\"url\":\"https:\\\/\\\/faculdadeguerra.edu.br\\\/novosite\\\/\",\"name\":\"Faculdade Guerra\",\"description\":\"Faculdade Guerra: Excel\u00eancia acad\u00eamica em Direito e Seguran\u00e7a P\u00fablica. Gradua\u00e7\u00e3o, P\u00f3s-Gradua\u00e7\u00e3o e cursos t\u00e9cnicos com infraestrutura moderna e corpo docente renomado. Transforme sua carreira!\",\"publisher\":{\"@id\":\"https:\\\/\\\/faculdadeguerra.edu.br\\\/novosite\\\/#organization\"},\"potentialAction\":[{\"@type\":\"SearchAction\",\"target\":{\"@type\":\"EntryPoint\",\"urlTemplate\":\"https:\\\/\\\/faculdadeguerra.edu.br\\\/novosite\\\/?s={search_term_string}\"},\"query-input\":{\"@type\":\"PropertyValueSpecification\",\"valueRequired\":true,\"valueName\":\"search_term_string\"}}],\"inLanguage\":\"pt-BR\"},{\"@type\":\"Organization\",\"@id\":\"https:\\\/\\\/faculdadeguerra.edu.br\\\/novosite\\\/#organization\",\"name\":\"Faculdade Guerra\",\"url\":\"https:\\\/\\\/faculdadeguerra.edu.br\\\/novosite\\\/\",\"logo\":{\"@type\":\"ImageObject\",\"inLanguage\":\"pt-BR\",\"@id\":\"https:\\\/\\\/faculdadeguerra.edu.br\\\/novosite\\\/#\\\/schema\\\/logo\\\/image\\\/\",\"url\":\"https:\\\/\\\/i0.wp.com\\\/faculdadeguerra.edu.br\\\/novosite\\\/wp-content\\\/uploads\\\/2025\\\/03\\\/logo.png?fit=2091%2C578&ssl=1\",\"contentUrl\":\"https:\\\/\\\/i0.wp.com\\\/faculdadeguerra.edu.br\\\/novosite\\\/wp-content\\\/uploads\\\/2025\\\/03\\\/logo.png?fit=2091%2C578&ssl=1\",\"width\":2091,\"height\":578,\"caption\":\"Faculdade Guerra\"},\"image\":{\"@id\":\"https:\\\/\\\/faculdadeguerra.edu.br\\\/novosite\\\/#\\\/schema\\\/logo\\\/image\\\/\"}}]}<\/script>\n<!-- \/ Yoast SEO plugin. -->","yoast_head_json":{"title":"Termos de Uso - Faculdade Guerra","robots":{"index":"index","follow":"follow","max-snippet":"max-snippet:-1","max-image-preview":"max-image-preview:large","max-video-preview":"max-video-preview:-1"},"canonical":"https:\/\/faculdadeguerra.edu.br\/novosite\/termos-de-uso\/","og_locale":"pt_BR","og_type":"article","og_title":"Termos de Uso - Faculdade Guerra","og_description":"Termos de Uso da Faculdade Guerra Bem-vindo(a) \u00e0 Faculdade Guerra! Ao acessar o site, plataformas ou servi\u00e7os da Faculdade Guerra, voc\u00ea concorda com os termos abaixo. Leia atentamente antes de utilizar nossos recursos. \u00a0 Escopo dos Servi\u00e7osOferecemos acesso a informa\u00e7\u00f5es institucionais, cursos, matr\u00edculas, ambiente virtual de aprendizagem (AVA) e suporte acad\u00eamico. O uso destes servi\u00e7os [&hellip;]","og_url":"https:\/\/faculdadeguerra.edu.br\/novosite\/termos-de-uso\/","og_site_name":"Faculdade Guerra","article_modified_time":"2025-11-15T21:40:03+00:00","twitter_card":"summary_large_image","twitter_misc":{"Est. tempo de leitura":"2 minutos"},"schema":{"@context":"https:\/\/schema.org","@graph":[{"@type":"WebPage","@id":"https:\/\/faculdadeguerra.edu.br\/novosite\/termos-de-uso\/","url":"https:\/\/faculdadeguerra.edu.br\/novosite\/termos-de-uso\/","name":"Termos de Uso - Faculdade Guerra","isPartOf":{"@id":"https:\/\/faculdadeguerra.edu.br\/novosite\/#website"},"datePublished":"2025-03-10T13:48:30+00:00","dateModified":"2025-11-15T21:40:03+00:00","breadcrumb":{"@id":"https:\/\/faculdadeguerra.edu.br\/novosite\/termos-de-uso\/#breadcrumb"},"inLanguage":"pt-BR","potentialAction":[{"@type":"ReadAction","target":["https:\/\/faculdadeguerra.edu.br\/novosite\/termos-de-uso\/"]}]},{"@type":"BreadcrumbList","@id":"https:\/\/faculdadeguerra.edu.br\/novosite\/termos-de-uso\/#breadcrumb","itemListElement":[{"@type":"ListItem","position":1,"name":"In\u00edcio","item":"https:\/\/faculdadeguerra.edu.br\/novosite\/"},{"@type":"ListItem","position":2,"name":"Termos de Uso"}]},{"@type":"WebSite","@id":"https:\/\/faculdadeguerra.edu.br\/novosite\/#website","url":"https:\/\/faculdadeguerra.edu.br\/novosite\/","name":"Faculdade Guerra","description":"Faculdade Guerra: Excel\u00eancia acad\u00eamica em Direito e Seguran\u00e7a P\u00fablica. Gradua\u00e7\u00e3o, P\u00f3s-Gradua\u00e7\u00e3o e cursos t\u00e9cnicos com infraestrutura moderna e corpo docente renomado. Transforme sua carreira!","publisher":{"@id":"https:\/\/faculdadeguerra.edu.br\/novosite\/#organization"},"potentialAction":[{"@type":"SearchAction","target":{"@type":"EntryPoint","urlTemplate":"https:\/\/faculdadeguerra.edu.br\/novosite\/?s={search_term_string}"},"query-input":{"@type":"PropertyValueSpecification","valueRequired":true,"valueName":"search_term_string"}}],"inLanguage":"pt-BR"},{"@type":"Organization","@id":"https:\/\/faculdadeguerra.edu.br\/novosite\/#organization","name":"Faculdade Guerra","url":"https:\/\/faculdadeguerra.edu.br\/novosite\/","logo":{"@type":"ImageObject","inLanguage":"pt-BR","@id":"https:\/\/faculdadeguerra.edu.br\/novosite\/#\/schema\/logo\/image\/","url":"https:\/\/i0.wp.com\/faculdadeguerra.edu.br\/novosite\/wp-content\/uploads\/2025\/03\/logo.png?fit=2091%2C578&ssl=1","contentUrl":"https:\/\/i0.wp.com\/faculdadeguerra.edu.br\/novosite\/wp-content\/uploads\/2025\/03\/logo.png?fit=2091%2C578&ssl=1","width":2091,"height":578,"caption":"Faculdade Guerra"},"image":{"@id":"https:\/\/faculdadeguerra.edu.br\/novosite\/#\/schema\/logo\/image\/"}}]}},"jetpack_sharing_enabled":true,"_links":{"self":[{"href":"https:\/\/faculdadeguerra.edu.br\/novosite\/wp-json\/wp\/v2\/pages\/364","targetHints":{"allow":["GET"]}}],"collection":[{"href":"https:\/\/faculdadeguerra.edu.br\/novosite\/wp-json\/wp\/v2\/pages"}],"about":[{"href":"https:\/\/faculdadeguerra.edu.br\/novosite\/wp-json\/wp\/v2\/types\/page"}],"author":[{"embeddable":true,"href":"https:\/\/faculdadeguerra.edu.br\/novosite\/wp-json\/wp\/v2\/users\/1"}],"replies":[{"embeddable":true,"href":"https:\/\/faculdadeguerra.edu.br\/novosite\/wp-json\/wp\/v2\/comments?post=364"}],"version-history":[{"count":22,"href":"https:\/\/faculdadeguerra.edu.br\/novosite\/wp-json\/wp\/v2\/pages\/364\/revisions"}],"predecessor-version":[{"id":3438,"href":"https:\/\/faculdadeguerra.edu.br\/novosite\/wp-json\/wp\/v2\/pages\/364\/revisions\/3438"}],"wp:attachment":[{"href":"https:\/\/faculdadeguerra.edu.br\/novosite\/wp-json\/wp\/v2\/media?parent=364"}],"curies":[{"name":"wp","href":"https:\/\/api.w.org\/{rel}","templated":true}]}}