{"id":1739,"date":"2025-04-16T16:23:06","date_gmt":"2025-04-16T19:23:06","guid":{"rendered":"https:\/\/faculdadeguerra.edu.br\/novosite\/?page_id=1739"},"modified":"2025-11-15T18:34:48","modified_gmt":"2025-11-15T21:34:48","slug":"ouvidoria","status":"publish","type":"page","link":"https:\/\/faculdadeguerra.edu.br\/novosite\/ouvidoria\/","title":{"rendered":"Ouvidoria"},"content":{"rendered":"\t\t<div data-elementor-type=\"wp-page\" data-elementor-id=\"1739\" class=\"elementor elementor-1739\" data-elementor-post-type=\"page\">\n\t\t\t\t<div class=\"elementor-element elementor-element-253a403 e-flex e-con-boxed e-con e-parent\" data-id=\"253a403\" data-element_type=\"container\" data-e-type=\"container\" data-settings=\"{&quot;background_background&quot;:&quot;gradient&quot;}\">\n\t\t\t\t\t<div class=\"e-con-inner\">\n\t\t\t\t<div class=\"elementor-element elementor-element-fd40d86 elementor-widget elementor-widget-heading\" data-id=\"fd40d86\" data-element_type=\"widget\" data-e-type=\"widget\" data-widget_type=\"heading.default\">\n\t\t\t\t<div class=\"elementor-widget-container\">\n\t\t\t\t\t<h2 class=\"elementor-heading-title elementor-size-default\">Ouvidoria da Faculdade Guerra<\/h2>\t\t\t\t<\/div>\n\t\t\t\t<\/div>\n\t\t\t\t\t<\/div>\n\t\t\t\t<\/div>\n\t\t<div class=\"elementor-element elementor-element-d383b2b e-con-full e-flex e-con e-parent\" data-id=\"d383b2b\" data-element_type=\"container\" data-e-type=\"container\">\n\t\t<div class=\"elementor-element elementor-element-634ff1b e-con-full e-flex e-con e-child\" data-id=\"634ff1b\" data-element_type=\"container\" data-e-type=\"container\">\n\t\t\t\t<div class=\"elementor-element elementor-element-8285f15 elementor-widget elementor-widget-text-editor\" data-id=\"8285f15\" data-element_type=\"widget\" data-e-type=\"widget\" data-widget_type=\"text-editor.default\">\n\t\t\t\t<div class=\"elementor-widget-container\">\n\t\t\t\t\t\t\t\t\t<p class=\"\" data-start=\"2569\" data-end=\"2763\">A Ouvidoria \u00e9 um canal de comunica\u00e7\u00e3o direto entre voc\u00ea e a Faculdade Guerra. Nosso objetivo \u00e9 ouvir, acolher e encaminhar manifesta\u00e7\u00f5es que contribuam para o aprimoramento da nossa institui\u00e7\u00e3o.<\/p><p class=\"\" data-start=\"2768\" data-end=\"2812\">Por meio da Ouvidoria, \u00e9 poss\u00edvel registrar:<\/p><ul data-start=\"2815\" data-end=\"2902\"><li class=\"\" data-start=\"2815\" data-end=\"2826\"><p class=\"\" data-start=\"2817\" data-end=\"2826\">Sugest\u00f5es<\/p><\/li><li class=\"\" data-start=\"2829\" data-end=\"2838\"><p class=\"\" data-start=\"2831\" data-end=\"2838\">Elogios<\/p><\/li><li class=\"\" data-start=\"2841\" data-end=\"2854\"><p class=\"\" data-start=\"2843\" data-end=\"2854\">Reclama\u00e7\u00f5es<\/p><\/li><li class=\"\" data-start=\"2857\" data-end=\"2868\"><p class=\"\" data-start=\"2859\" data-end=\"2868\">Den\u00fancias<\/p><\/li><li class=\"\" data-start=\"2871\" data-end=\"2900\"><p class=\"\" data-start=\"2873\" data-end=\"2900\">Solicita\u00e7\u00f5es de informa\u00e7\u00f5es<\/p><\/li><\/ul><p class=\"\" data-start=\"2905\" data-end=\"3008\">Todos os registros s\u00e3o tratados com seriedade, confidencialidade e compromisso com a melhoria cont\u00ednua.<\/p><p class=\"\" data-start=\"3013\" data-end=\"3056\"><strong data-start=\"3013\" data-end=\"3056\">Como entrar em contato com a Ouvidoria:<\/strong><\/p><ul data-start=\"3059\" data-end=\"3273\"><li class=\"\" data-start=\"3059\" data-end=\"3144\"><p class=\"\" data-start=\"3061\" data-end=\"3144\">Preenchendo o formul\u00e1rio\u00a0<\/p><\/li><li class=\"\" data-start=\"3147\" data-end=\"3209\"><p class=\"\" data-start=\"3149\" data-end=\"3209\">Enviando e-mail para: <strong data-start=\"3171\" data-end=\"3207\"><a rel=\"noopener\" data-start=\"3173\" data-end=\"3205\">contato@faculdadeguerra.edu.br<\/a><\/strong><\/p><\/li><\/ul>\t\t\t\t\t\t\t\t<\/div>\n\t\t\t\t<\/div>\n\t\t\t\t<\/div>\n\t\t<div class=\"elementor-element elementor-element-186a3ce e-con-full e-flex e-con e-child\" data-id=\"186a3ce\" data-element_type=\"container\" data-e-type=\"container\" data-settings=\"{&quot;background_background&quot;:&quot;gradient&quot;}\">\n\t\t\t\t<div class=\"elementor-element elementor-element-242b9d9 elementor-widget elementor-widget-heading\" data-id=\"242b9d9\" data-element_type=\"widget\" data-e-type=\"widget\" data-widget_type=\"heading.default\">\n\t\t\t\t<div class=\"elementor-widget-container\">\n\t\t\t\t\t<h2 class=\"elementor-heading-title elementor-size-default\">Preencha o formul\u00e1rio abaixo e envie suas sugest\u00f5es, d\u00favidas ou coment\u00e1rios. Estamos prontos para ouvir voc\u00ea!<\/h2>\t\t\t\t<\/div>\n\t\t\t\t<\/div>\n\t\t\t\t<div class=\"elementor-element elementor-element-3748034 elementor-widget__width-initial elementor-button-align-stretch elementor-widget elementor-widget-form\" data-id=\"3748034\" data-element_type=\"widget\" data-e-type=\"widget\" data-settings=\"{&quot;step_next_label&quot;:&quot;Next&quot;,&quot;step_previous_label&quot;:&quot;Previous&quot;,&quot;button_width&quot;:&quot;100&quot;,&quot;step_type&quot;:&quot;number_text&quot;,&quot;step_icon_shape&quot;:&quot;circle&quot;}\" data-widget_type=\"form.default\">\n\t\t\t\t<div class=\"elementor-widget-container\">\n\t\t\t\t\t\t\t<form class=\"elementor-form\" method=\"post\" name=\"OUVIDORIA \" aria-label=\"OUVIDORIA \">\n\t\t\t<input type=\"hidden\" name=\"post_id\" value=\"1739\"\/>\n\t\t\t<input type=\"hidden\" name=\"form_id\" value=\"3748034\"\/>\n\t\t\t<input type=\"hidden\" name=\"referer_title\" value=\"Faculdade Guerra\" \/>\n\n\t\t\t\n\t\t\t<div class=\"elementor-form-fields-wrapper elementor-labels-above\">\n\t\t\t\t\t\t\t\t<div class=\"elementor-field-type-text elementor-field-group elementor-column elementor-field-group-name elementor-col-100\">\n\t\t\t\t\t\t\t\t\t\t\t\t\t<input size=\"1\" type=\"text\" name=\"form_fields[name]\" id=\"form-field-name\" class=\"elementor-field elementor-size-sm  elementor-field-textual\" placeholder=\"Nome\">\n\t\t\t\t\t\t\t\t\t\t\t<\/div>\n\t\t\t\t\t\t\t\t<div class=\"elementor-field-type-email elementor-field-group elementor-column elementor-field-group-email elementor-col-100 elementor-field-required\">\n\t\t\t\t\t\t\t\t\t\t\t\t\t<input size=\"1\" type=\"email\" name=\"form_fields[email]\" id=\"form-field-email\" class=\"elementor-field elementor-size-sm  elementor-field-textual\" placeholder=\"Email\" required=\"required\">\n\t\t\t\t\t\t\t\t\t\t\t<\/div>\n\t\t\t\t\t\t\t\t<div class=\"elementor-field-type-textarea elementor-field-group elementor-column elementor-field-group-message elementor-col-100\">\n\t\t\t\t\t<textarea class=\"elementor-field-textual elementor-field  elementor-size-sm\" name=\"form_fields[message]\" id=\"form-field-message\" rows=\"4\" placeholder=\"Mensgem\"><\/textarea>\t\t\t\t<\/div>\n\t\t\t\t\t\t\t\t<div class=\"elementor-field-group elementor-column elementor-field-type-submit elementor-col-100 e-form__buttons\">\n\t\t\t\t\t<button class=\"elementor-button elementor-size-sm elementor-animation-grow\" type=\"submit\">\n\t\t\t\t\t\t<span class=\"elementor-button-content-wrapper\">\n\t\t\t\t\t\t\t\t\t\t\t\t\t\t\t\t\t\t\t\t\t\t<span class=\"elementor-button-text\">Enviar mensagem<\/span>\n\t\t\t\t\t\t\t\t\t\t\t\t\t<\/span>\n\t\t\t\t\t<\/button>\n\t\t\t\t<\/div>\n\t\t\t<\/div>\n\t\t<\/form>\n\t\t\t\t\t\t<\/div>\n\t\t\t\t<\/div>\n\t\t\t\t<\/div>\n\t\t\t\t<\/div>\n\t\t\t\t<\/div>\n\t\t","protected":false},"excerpt":{"rendered":"<p>Ouvidoria da Faculdade Guerra A Ouvidoria \u00e9 um canal de comunica\u00e7\u00e3o direto entre voc\u00ea e a Faculdade Guerra. Nosso objetivo \u00e9 ouvir, acolher e encaminhar manifesta\u00e7\u00f5es que contribuam para o aprimoramento da nossa institui\u00e7\u00e3o. Por meio da Ouvidoria, \u00e9 poss\u00edvel registrar: Sugest\u00f5es Elogios Reclama\u00e7\u00f5es Den\u00fancias Solicita\u00e7\u00f5es de informa\u00e7\u00f5es Todos os registros s\u00e3o tratados com seriedade, [&hellip;]<\/p>\n","protected":false},"author":3,"featured_media":0,"parent":0,"menu_order":0,"comment_status":"closed","ping_status":"closed","template":"elementor_header_footer","meta":{"_joinchat":[],"footnotes":""},"class_list":["post-1739","page","type-page","status-publish","hentry"],"yoast_head":"<!-- This site is optimized with the Yoast SEO plugin v27.4 - https:\/\/yoast.com\/product\/yoast-seo-wordpress\/ -->\n<title>Ouvidoria - Faculdade Guerra<\/title>\n<meta name=\"robots\" content=\"index, follow, max-snippet:-1, max-image-preview:large, max-video-preview:-1\" \/>\n<link rel=\"canonical\" href=\"https:\/\/faculdadeguerra.edu.br\/novosite\/ouvidoria\/\" \/>\n<meta property=\"og:locale\" content=\"pt_BR\" \/>\n<meta property=\"og:type\" content=\"article\" \/>\n<meta property=\"og:title\" content=\"Ouvidoria - Faculdade Guerra\" \/>\n<meta property=\"og:description\" content=\"Ouvidoria da Faculdade Guerra A Ouvidoria \u00e9 um canal de comunica\u00e7\u00e3o direto entre voc\u00ea e a Faculdade Guerra. Nosso objetivo \u00e9 ouvir, acolher e encaminhar manifesta\u00e7\u00f5es que contribuam para o aprimoramento da nossa institui\u00e7\u00e3o. Por meio da Ouvidoria, \u00e9 poss\u00edvel registrar: Sugest\u00f5es Elogios Reclama\u00e7\u00f5es Den\u00fancias Solicita\u00e7\u00f5es de informa\u00e7\u00f5es Todos os registros s\u00e3o tratados com seriedade, [&hellip;]\" \/>\n<meta property=\"og:url\" content=\"https:\/\/faculdadeguerra.edu.br\/novosite\/ouvidoria\/\" \/>\n<meta property=\"og:site_name\" content=\"Faculdade Guerra\" \/>\n<meta property=\"article:modified_time\" content=\"2025-11-15T21:34:48+00:00\" \/>\n<meta name=\"twitter:card\" content=\"summary_large_image\" \/>\n<meta name=\"twitter:label1\" content=\"Est. tempo de leitura\" \/>\n\t<meta name=\"twitter:data1\" content=\"1 minuto\" \/>\n<script type=\"application\/ld+json\" class=\"yoast-schema-graph\">{\"@context\":\"https:\\\/\\\/schema.org\",\"@graph\":[{\"@type\":\"WebPage\",\"@id\":\"https:\\\/\\\/faculdadeguerra.edu.br\\\/novosite\\\/ouvidoria\\\/\",\"url\":\"https:\\\/\\\/faculdadeguerra.edu.br\\\/novosite\\\/ouvidoria\\\/\",\"name\":\"Ouvidoria - Faculdade Guerra\",\"isPartOf\":{\"@id\":\"https:\\\/\\\/faculdadeguerra.edu.br\\\/novosite\\\/#website\"},\"datePublished\":\"2025-04-16T19:23:06+00:00\",\"dateModified\":\"2025-11-15T21:34:48+00:00\",\"breadcrumb\":{\"@id\":\"https:\\\/\\\/faculdadeguerra.edu.br\\\/novosite\\\/ouvidoria\\\/#breadcrumb\"},\"inLanguage\":\"pt-BR\",\"potentialAction\":[{\"@type\":\"ReadAction\",\"target\":[\"https:\\\/\\\/faculdadeguerra.edu.br\\\/novosite\\\/ouvidoria\\\/\"]}]},{\"@type\":\"BreadcrumbList\",\"@id\":\"https:\\\/\\\/faculdadeguerra.edu.br\\\/novosite\\\/ouvidoria\\\/#breadcrumb\",\"itemListElement\":[{\"@type\":\"ListItem\",\"position\":1,\"name\":\"In\u00edcio\",\"item\":\"https:\\\/\\\/faculdadeguerra.edu.br\\\/novosite\\\/\"},{\"@type\":\"ListItem\",\"position\":2,\"name\":\"Ouvidoria\"}]},{\"@type\":\"WebSite\",\"@id\":\"https:\\\/\\\/faculdadeguerra.edu.br\\\/novosite\\\/#website\",\"url\":\"https:\\\/\\\/faculdadeguerra.edu.br\\\/novosite\\\/\",\"name\":\"Faculdade Guerra\",\"description\":\"Faculdade Guerra: Excel\u00eancia acad\u00eamica em Direito e Seguran\u00e7a P\u00fablica. Gradua\u00e7\u00e3o, P\u00f3s-Gradua\u00e7\u00e3o e cursos t\u00e9cnicos com infraestrutura moderna e corpo docente renomado. Transforme sua carreira!\",\"publisher\":{\"@id\":\"https:\\\/\\\/faculdadeguerra.edu.br\\\/novosite\\\/#organization\"},\"potentialAction\":[{\"@type\":\"SearchAction\",\"target\":{\"@type\":\"EntryPoint\",\"urlTemplate\":\"https:\\\/\\\/faculdadeguerra.edu.br\\\/novosite\\\/?s={search_term_string}\"},\"query-input\":{\"@type\":\"PropertyValueSpecification\",\"valueRequired\":true,\"valueName\":\"search_term_string\"}}],\"inLanguage\":\"pt-BR\"},{\"@type\":\"Organization\",\"@id\":\"https:\\\/\\\/faculdadeguerra.edu.br\\\/novosite\\\/#organization\",\"name\":\"Faculdade Guerra\",\"url\":\"https:\\\/\\\/faculdadeguerra.edu.br\\\/novosite\\\/\",\"logo\":{\"@type\":\"ImageObject\",\"inLanguage\":\"pt-BR\",\"@id\":\"https:\\\/\\\/faculdadeguerra.edu.br\\\/novosite\\\/#\\\/schema\\\/logo\\\/image\\\/\",\"url\":\"https:\\\/\\\/i0.wp.com\\\/faculdadeguerra.edu.br\\\/novosite\\\/wp-content\\\/uploads\\\/2025\\\/03\\\/logo.png?fit=2091%2C578&ssl=1\",\"contentUrl\":\"https:\\\/\\\/i0.wp.com\\\/faculdadeguerra.edu.br\\\/novosite\\\/wp-content\\\/uploads\\\/2025\\\/03\\\/logo.png?fit=2091%2C578&ssl=1\",\"width\":2091,\"height\":578,\"caption\":\"Faculdade Guerra\"},\"image\":{\"@id\":\"https:\\\/\\\/faculdadeguerra.edu.br\\\/novosite\\\/#\\\/schema\\\/logo\\\/image\\\/\"}}]}<\/script>\n<!-- \/ Yoast SEO plugin. -->","yoast_head_json":{"title":"Ouvidoria - Faculdade Guerra","robots":{"index":"index","follow":"follow","max-snippet":"max-snippet:-1","max-image-preview":"max-image-preview:large","max-video-preview":"max-video-preview:-1"},"canonical":"https:\/\/faculdadeguerra.edu.br\/novosite\/ouvidoria\/","og_locale":"pt_BR","og_type":"article","og_title":"Ouvidoria - Faculdade Guerra","og_description":"Ouvidoria da Faculdade Guerra A Ouvidoria \u00e9 um canal de comunica\u00e7\u00e3o direto entre voc\u00ea e a Faculdade Guerra. Nosso objetivo \u00e9 ouvir, acolher e encaminhar manifesta\u00e7\u00f5es que contribuam para o aprimoramento da nossa institui\u00e7\u00e3o. Por meio da Ouvidoria, \u00e9 poss\u00edvel registrar: Sugest\u00f5es Elogios Reclama\u00e7\u00f5es Den\u00fancias Solicita\u00e7\u00f5es de informa\u00e7\u00f5es Todos os registros s\u00e3o tratados com seriedade, [&hellip;]","og_url":"https:\/\/faculdadeguerra.edu.br\/novosite\/ouvidoria\/","og_site_name":"Faculdade Guerra","article_modified_time":"2025-11-15T21:34:48+00:00","twitter_card":"summary_large_image","twitter_misc":{"Est. tempo de leitura":"1 minuto"},"schema":{"@context":"https:\/\/schema.org","@graph":[{"@type":"WebPage","@id":"https:\/\/faculdadeguerra.edu.br\/novosite\/ouvidoria\/","url":"https:\/\/faculdadeguerra.edu.br\/novosite\/ouvidoria\/","name":"Ouvidoria - Faculdade Guerra","isPartOf":{"@id":"https:\/\/faculdadeguerra.edu.br\/novosite\/#website"},"datePublished":"2025-04-16T19:23:06+00:00","dateModified":"2025-11-15T21:34:48+00:00","breadcrumb":{"@id":"https:\/\/faculdadeguerra.edu.br\/novosite\/ouvidoria\/#breadcrumb"},"inLanguage":"pt-BR","potentialAction":[{"@type":"ReadAction","target":["https:\/\/faculdadeguerra.edu.br\/novosite\/ouvidoria\/"]}]},{"@type":"BreadcrumbList","@id":"https:\/\/faculdadeguerra.edu.br\/novosite\/ouvidoria\/#breadcrumb","itemListElement":[{"@type":"ListItem","position":1,"name":"In\u00edcio","item":"https:\/\/faculdadeguerra.edu.br\/novosite\/"},{"@type":"ListItem","position":2,"name":"Ouvidoria"}]},{"@type":"WebSite","@id":"https:\/\/faculdadeguerra.edu.br\/novosite\/#website","url":"https:\/\/faculdadeguerra.edu.br\/novosite\/","name":"Faculdade Guerra","description":"Faculdade Guerra: Excel\u00eancia acad\u00eamica em Direito e Seguran\u00e7a P\u00fablica. Gradua\u00e7\u00e3o, P\u00f3s-Gradua\u00e7\u00e3o e cursos t\u00e9cnicos com infraestrutura moderna e corpo docente renomado. Transforme sua carreira!","publisher":{"@id":"https:\/\/faculdadeguerra.edu.br\/novosite\/#organization"},"potentialAction":[{"@type":"SearchAction","target":{"@type":"EntryPoint","urlTemplate":"https:\/\/faculdadeguerra.edu.br\/novosite\/?s={search_term_string}"},"query-input":{"@type":"PropertyValueSpecification","valueRequired":true,"valueName":"search_term_string"}}],"inLanguage":"pt-BR"},{"@type":"Organization","@id":"https:\/\/faculdadeguerra.edu.br\/novosite\/#organization","name":"Faculdade Guerra","url":"https:\/\/faculdadeguerra.edu.br\/novosite\/","logo":{"@type":"ImageObject","inLanguage":"pt-BR","@id":"https:\/\/faculdadeguerra.edu.br\/novosite\/#\/schema\/logo\/image\/","url":"https:\/\/i0.wp.com\/faculdadeguerra.edu.br\/novosite\/wp-content\/uploads\/2025\/03\/logo.png?fit=2091%2C578&ssl=1","contentUrl":"https:\/\/i0.wp.com\/faculdadeguerra.edu.br\/novosite\/wp-content\/uploads\/2025\/03\/logo.png?fit=2091%2C578&ssl=1","width":2091,"height":578,"caption":"Faculdade Guerra"},"image":{"@id":"https:\/\/faculdadeguerra.edu.br\/novosite\/#\/schema\/logo\/image\/"}}]}},"jetpack_sharing_enabled":true,"_links":{"self":[{"href":"https:\/\/faculdadeguerra.edu.br\/novosite\/wp-json\/wp\/v2\/pages\/1739","targetHints":{"allow":["GET"]}}],"collection":[{"href":"https:\/\/faculdadeguerra.edu.br\/novosite\/wp-json\/wp\/v2\/pages"}],"about":[{"href":"https:\/\/faculdadeguerra.edu.br\/novosite\/wp-json\/wp\/v2\/types\/page"}],"author":[{"embeddable":true,"href":"https:\/\/faculdadeguerra.edu.br\/novosite\/wp-json\/wp\/v2\/users\/3"}],"replies":[{"embeddable":true,"href":"https:\/\/faculdadeguerra.edu.br\/novosite\/wp-json\/wp\/v2\/comments?post=1739"}],"version-history":[{"count":19,"href":"https:\/\/faculdadeguerra.edu.br\/novosite\/wp-json\/wp\/v2\/pages\/1739\/revisions"}],"predecessor-version":[{"id":3421,"href":"https:\/\/faculdadeguerra.edu.br\/novosite\/wp-json\/wp\/v2\/pages\/1739\/revisions\/3421"}],"wp:attachment":[{"href":"https:\/\/faculdadeguerra.edu.br\/novosite\/wp-json\/wp\/v2\/media?parent=1739"}],"curies":[{"name":"wp","href":"https:\/\/api.w.org\/{rel}","templated":true}]}}