{"id":1313,"date":"2025-03-25T09:17:59","date_gmt":"2025-03-25T12:17:59","guid":{"rendered":"https:\/\/faculdadeguerra.edu.br\/novosite\/?page_id=1313"},"modified":"2026-02-11T12:07:39","modified_gmt":"2026-02-11T15:07:39","slug":"calendario","status":"publish","type":"page","link":"https:\/\/faculdadeguerra.edu.br\/novosite\/calendario\/","title":{"rendered":"calend\u00e1rio"},"content":{"rendered":"\t\t<div data-elementor-type=\"wp-page\" data-elementor-id=\"1313\" class=\"elementor elementor-1313\" data-elementor-post-type=\"page\">\n\t\t\t\t<div class=\"elementor-element elementor-element-a134bde e-flex e-con-boxed e-con e-parent\" data-id=\"a134bde\" data-element_type=\"container\" data-e-type=\"container\" data-settings=\"{&quot;background_background&quot;:&quot;gradient&quot;}\">\n\t\t\t\t\t<div class=\"e-con-inner\">\n\t\t\t\t<div class=\"elementor-element elementor-element-c596e4a elementor-widget elementor-widget-heading\" data-id=\"c596e4a\" data-element_type=\"widget\" data-e-type=\"widget\" data-widget_type=\"heading.default\">\n\t\t\t\t<div class=\"elementor-widget-container\">\n\t\t\t\t\t<h2 class=\"elementor-heading-title elementor-size-default\">CALEND\u00c1RIO ACAD\u00caMICO \nGRADUA\u00c7\u00c3O PRESENCIAL E A DIST\u00c2NCIA FACULDADE GUERRA (2026)<\/h2>\t\t\t\t<\/div>\n\t\t\t\t<\/div>\n\t\t\t\t<div class=\"elementor-element elementor-element-a6e84b1 elementor-widget elementor-widget-button\" data-id=\"a6e84b1\" data-element_type=\"widget\" data-e-type=\"widget\" data-widget_type=\"button.default\">\n\t\t\t\t<div class=\"elementor-widget-container\">\n\t\t\t\t\t\t\t\t\t<div class=\"elementor-button-wrapper\">\n\t\t\t\t\t<a class=\"elementor-button elementor-button-link elementor-size-sm elementor-animation-grow\" href=\"https:\/\/faculdadeguerra.edu.br\/novosite\/wp-content\/uploads\/2026\/02\/CALENDARIO-ACADEMICO-2026-FAG.pdf\" download=\"\">\n\t\t\t\t\t\t<span class=\"elementor-button-content-wrapper\">\n\t\t\t\t\t\t<span class=\"elementor-button-icon\">\n\t\t\t\t<svg aria-hidden=\"true\" class=\"e-font-icon-svg e-fas-file-download\" viewBox=\"0 0 384 512\" xmlns=\"http:\/\/www.w3.org\/2000\/svg\"><path d=\"M224 136V0H24C10.7 0 0 10.7 0 24v464c0 13.3 10.7 24 24 24h336c13.3 0 24-10.7 24-24V160H248c-13.2 0-24-10.8-24-24zm76.45 211.36l-96.42 95.7c-6.65 6.61-17.39 6.61-24.04 0l-96.42-95.7C73.42 337.29 80.54 320 94.82 320H160v-80c0-8.84 7.16-16 16-16h32c8.84 0 16 7.16 16 16v80h65.18c14.28 0 21.4 17.29 11.27 27.36zM377 105L279.1 7c-4.5-4.5-10.6-7-17-7H256v128h128v-6.1c0-6.3-2.5-12.4-7-16.9z\"><\/path><\/svg>\t\t\t<\/span>\n\t\t\t\t\t\t\t\t\t<span class=\"elementor-button-text\">FAZER DOWNLOAD<\/span>\n\t\t\t\t\t<\/span>\n\t\t\t\t\t<\/a>\n\t\t\t\t<\/div>\n\t\t\t\t\t\t\t\t<\/div>\n\t\t\t\t<\/div>\n\t\t\t\t\t<\/div>\n\t\t\t\t<\/div>\n\t\t<div class=\"elementor-element elementor-element-23dd22f e-con-full e-flex e-con e-parent\" data-id=\"23dd22f\" data-element_type=\"container\" data-e-type=\"container\">\n\t\t\t\t<div class=\"elementor-element elementor-element-15849c8 elementor-widget elementor-widget-image\" data-id=\"15849c8\" data-element_type=\"widget\" data-e-type=\"widget\" data-widget_type=\"image.default\">\n\t\t\t\t<div class=\"elementor-widget-container\">\n\t\t\t\t\t\t\t\t\t\t\t\t\t\t\t<img fetchpriority=\"high\" decoding=\"async\" width=\"816\" height=\"1056\" src=\"https:\/\/faculdadeguerra.edu.br\/novosite\/wp-content\/uploads\/2026\/02\/PG-01img.svg\" class=\"attachment-full size-full wp-image-4261\" alt=\"\" \/>\t\t\t\t\t\t\t\t\t\t\t\t\t\t\t<\/div>\n\t\t\t\t<\/div>\n\t\t\t\t<\/div>\n\t\t<div class=\"elementor-element elementor-element-d46bd98 e-con-full e-flex e-con e-parent\" data-id=\"d46bd98\" data-element_type=\"container\" data-e-type=\"container\">\n\t\t\t\t<div class=\"elementor-element elementor-element-1286655 elementor-widget elementor-widget-image\" data-id=\"1286655\" data-element_type=\"widget\" data-e-type=\"widget\" data-widget_type=\"image.default\">\n\t\t\t\t<div class=\"elementor-widget-container\">\n\t\t\t\t\t\t\t\t\t\t\t\t\t\t\t<img decoding=\"async\" width=\"816\" height=\"1056\" src=\"https:\/\/faculdadeguerra.edu.br\/novosite\/wp-content\/uploads\/2026\/02\/PG-02-img.svg\" class=\"attachment-full size-full wp-image-4262\" alt=\"\" \/>\t\t\t\t\t\t\t\t\t\t\t\t\t\t\t<\/div>\n\t\t\t\t<\/div>\n\t\t\t\t<\/div>\n\t\t<div class=\"elementor-element elementor-element-5e200e3 e-con-full e-flex e-con e-parent\" data-id=\"5e200e3\" data-element_type=\"container\" data-e-type=\"container\">\n\t\t\t\t<div class=\"elementor-element elementor-element-357de55 elementor-widget elementor-widget-image\" data-id=\"357de55\" data-element_type=\"widget\" data-e-type=\"widget\" data-widget_type=\"image.default\">\n\t\t\t\t<div class=\"elementor-widget-container\">\n\t\t\t\t\t\t\t\t\t\t\t\t\t\t\t<img decoding=\"async\" width=\"816\" height=\"1056\" src=\"https:\/\/faculdadeguerra.edu.br\/novosite\/wp-content\/uploads\/2026\/02\/PG-03-img.svg\" class=\"attachment-full size-full wp-image-4263\" alt=\"\" \/>\t\t\t\t\t\t\t\t\t\t\t\t\t\t\t<\/div>\n\t\t\t\t<\/div>\n\t\t\t\t<\/div>\n\t\t\t\t<\/div>\n\t\t","protected":false},"excerpt":{"rendered":"<p>CALEND\u00c1RIO ACAD\u00caMICO GRADUA\u00c7\u00c3O PRESENCIAL E A DIST\u00c2NCIA FACULDADE GUERRA (2026) FAZER DOWNLOAD<\/p>\n","protected":false},"author":3,"featured_media":0,"parent":0,"menu_order":0,"comment_status":"closed","ping_status":"closed","template":"elementor_header_footer","meta":{"_joinchat":[],"footnotes":""},"class_list":["post-1313","page","type-page","status-publish","hentry"],"yoast_head":"<!-- This site is optimized with the Yoast SEO plugin v27.4 - https:\/\/yoast.com\/product\/yoast-seo-wordpress\/ -->\n<title>calend\u00e1rio - Faculdade Guerra<\/title>\n<meta name=\"robots\" content=\"index, follow, max-snippet:-1, max-image-preview:large, max-video-preview:-1\" \/>\n<link rel=\"canonical\" href=\"https:\/\/faculdadeguerra.edu.br\/novosite\/calendario\/\" \/>\n<meta property=\"og:locale\" content=\"pt_BR\" \/>\n<meta property=\"og:type\" content=\"article\" \/>\n<meta property=\"og:title\" content=\"calend\u00e1rio - Faculdade Guerra\" \/>\n<meta property=\"og:description\" content=\"CALEND\u00c1RIO ACAD\u00caMICO GRADUA\u00c7\u00c3O PRESENCIAL E A DIST\u00c2NCIA FACULDADE GUERRA (2026) FAZER DOWNLOAD\" \/>\n<meta property=\"og:url\" content=\"https:\/\/faculdadeguerra.edu.br\/novosite\/calendario\/\" \/>\n<meta property=\"og:site_name\" content=\"Faculdade Guerra\" \/>\n<meta property=\"article:modified_time\" content=\"2026-02-11T15:07:39+00:00\" \/>\n<meta name=\"twitter:card\" content=\"summary_large_image\" \/>\n<meta name=\"twitter:label1\" content=\"Est. tempo de leitura\" \/>\n\t<meta name=\"twitter:data1\" content=\"1 minuto\" \/>\n<script type=\"application\/ld+json\" class=\"yoast-schema-graph\">{\"@context\":\"https:\\\/\\\/schema.org\",\"@graph\":[{\"@type\":\"WebPage\",\"@id\":\"https:\\\/\\\/faculdadeguerra.edu.br\\\/novosite\\\/calendario\\\/\",\"url\":\"https:\\\/\\\/faculdadeguerra.edu.br\\\/novosite\\\/calendario\\\/\",\"name\":\"calend\u00e1rio - Faculdade Guerra\",\"isPartOf\":{\"@id\":\"https:\\\/\\\/faculdadeguerra.edu.br\\\/novosite\\\/#website\"},\"primaryImageOfPage\":{\"@id\":\"https:\\\/\\\/faculdadeguerra.edu.br\\\/novosite\\\/calendario\\\/#primaryimage\"},\"image\":{\"@id\":\"https:\\\/\\\/faculdadeguerra.edu.br\\\/novosite\\\/calendario\\\/#primaryimage\"},\"thumbnailUrl\":\"https:\\\/\\\/faculdadeguerra.edu.br\\\/novosite\\\/wp-content\\\/uploads\\\/2026\\\/02\\\/PG-01img.svg\",\"datePublished\":\"2025-03-25T12:17:59+00:00\",\"dateModified\":\"2026-02-11T15:07:39+00:00\",\"breadcrumb\":{\"@id\":\"https:\\\/\\\/faculdadeguerra.edu.br\\\/novosite\\\/calendario\\\/#breadcrumb\"},\"inLanguage\":\"pt-BR\",\"potentialAction\":[{\"@type\":\"ReadAction\",\"target\":[\"https:\\\/\\\/faculdadeguerra.edu.br\\\/novosite\\\/calendario\\\/\"]}]},{\"@type\":\"ImageObject\",\"inLanguage\":\"pt-BR\",\"@id\":\"https:\\\/\\\/faculdadeguerra.edu.br\\\/novosite\\\/calendario\\\/#primaryimage\",\"url\":\"https:\\\/\\\/faculdadeguerra.edu.br\\\/novosite\\\/wp-content\\\/uploads\\\/2026\\\/02\\\/PG-01img.svg\",\"contentUrl\":\"https:\\\/\\\/faculdadeguerra.edu.br\\\/novosite\\\/wp-content\\\/uploads\\\/2026\\\/02\\\/PG-01img.svg\",\"width\":816,\"height\":1056},{\"@type\":\"BreadcrumbList\",\"@id\":\"https:\\\/\\\/faculdadeguerra.edu.br\\\/novosite\\\/calendario\\\/#breadcrumb\",\"itemListElement\":[{\"@type\":\"ListItem\",\"position\":1,\"name\":\"In\u00edcio\",\"item\":\"https:\\\/\\\/faculdadeguerra.edu.br\\\/novosite\\\/\"},{\"@type\":\"ListItem\",\"position\":2,\"name\":\"calend\u00e1rio\"}]},{\"@type\":\"WebSite\",\"@id\":\"https:\\\/\\\/faculdadeguerra.edu.br\\\/novosite\\\/#website\",\"url\":\"https:\\\/\\\/faculdadeguerra.edu.br\\\/novosite\\\/\",\"name\":\"Faculdade Guerra\",\"description\":\"Faculdade Guerra: Excel\u00eancia acad\u00eamica em Direito e Seguran\u00e7a P\u00fablica. Gradua\u00e7\u00e3o, P\u00f3s-Gradua\u00e7\u00e3o e cursos t\u00e9cnicos com infraestrutura moderna e corpo docente renomado. Transforme sua carreira!\",\"publisher\":{\"@id\":\"https:\\\/\\\/faculdadeguerra.edu.br\\\/novosite\\\/#organization\"},\"potentialAction\":[{\"@type\":\"SearchAction\",\"target\":{\"@type\":\"EntryPoint\",\"urlTemplate\":\"https:\\\/\\\/faculdadeguerra.edu.br\\\/novosite\\\/?s={search_term_string}\"},\"query-input\":{\"@type\":\"PropertyValueSpecification\",\"valueRequired\":true,\"valueName\":\"search_term_string\"}}],\"inLanguage\":\"pt-BR\"},{\"@type\":\"Organization\",\"@id\":\"https:\\\/\\\/faculdadeguerra.edu.br\\\/novosite\\\/#organization\",\"name\":\"Faculdade Guerra\",\"url\":\"https:\\\/\\\/faculdadeguerra.edu.br\\\/novosite\\\/\",\"logo\":{\"@type\":\"ImageObject\",\"inLanguage\":\"pt-BR\",\"@id\":\"https:\\\/\\\/faculdadeguerra.edu.br\\\/novosite\\\/#\\\/schema\\\/logo\\\/image\\\/\",\"url\":\"https:\\\/\\\/i0.wp.com\\\/faculdadeguerra.edu.br\\\/novosite\\\/wp-content\\\/uploads\\\/2025\\\/03\\\/logo.png?fit=2091%2C578&ssl=1\",\"contentUrl\":\"https:\\\/\\\/i0.wp.com\\\/faculdadeguerra.edu.br\\\/novosite\\\/wp-content\\\/uploads\\\/2025\\\/03\\\/logo.png?fit=2091%2C578&ssl=1\",\"width\":2091,\"height\":578,\"caption\":\"Faculdade Guerra\"},\"image\":{\"@id\":\"https:\\\/\\\/faculdadeguerra.edu.br\\\/novosite\\\/#\\\/schema\\\/logo\\\/image\\\/\"}}]}<\/script>\n<!-- \/ Yoast SEO plugin. -->","yoast_head_json":{"title":"calend\u00e1rio - Faculdade Guerra","robots":{"index":"index","follow":"follow","max-snippet":"max-snippet:-1","max-image-preview":"max-image-preview:large","max-video-preview":"max-video-preview:-1"},"canonical":"https:\/\/faculdadeguerra.edu.br\/novosite\/calendario\/","og_locale":"pt_BR","og_type":"article","og_title":"calend\u00e1rio - Faculdade Guerra","og_description":"CALEND\u00c1RIO ACAD\u00caMICO GRADUA\u00c7\u00c3O PRESENCIAL E A DIST\u00c2NCIA FACULDADE GUERRA (2026) FAZER DOWNLOAD","og_url":"https:\/\/faculdadeguerra.edu.br\/novosite\/calendario\/","og_site_name":"Faculdade Guerra","article_modified_time":"2026-02-11T15:07:39+00:00","twitter_card":"summary_large_image","twitter_misc":{"Est. tempo de leitura":"1 minuto"},"schema":{"@context":"https:\/\/schema.org","@graph":[{"@type":"WebPage","@id":"https:\/\/faculdadeguerra.edu.br\/novosite\/calendario\/","url":"https:\/\/faculdadeguerra.edu.br\/novosite\/calendario\/","name":"calend\u00e1rio - Faculdade Guerra","isPartOf":{"@id":"https:\/\/faculdadeguerra.edu.br\/novosite\/#website"},"primaryImageOfPage":{"@id":"https:\/\/faculdadeguerra.edu.br\/novosite\/calendario\/#primaryimage"},"image":{"@id":"https:\/\/faculdadeguerra.edu.br\/novosite\/calendario\/#primaryimage"},"thumbnailUrl":"https:\/\/faculdadeguerra.edu.br\/novosite\/wp-content\/uploads\/2026\/02\/PG-01img.svg","datePublished":"2025-03-25T12:17:59+00:00","dateModified":"2026-02-11T15:07:39+00:00","breadcrumb":{"@id":"https:\/\/faculdadeguerra.edu.br\/novosite\/calendario\/#breadcrumb"},"inLanguage":"pt-BR","potentialAction":[{"@type":"ReadAction","target":["https:\/\/faculdadeguerra.edu.br\/novosite\/calendario\/"]}]},{"@type":"ImageObject","inLanguage":"pt-BR","@id":"https:\/\/faculdadeguerra.edu.br\/novosite\/calendario\/#primaryimage","url":"https:\/\/faculdadeguerra.edu.br\/novosite\/wp-content\/uploads\/2026\/02\/PG-01img.svg","contentUrl":"https:\/\/faculdadeguerra.edu.br\/novosite\/wp-content\/uploads\/2026\/02\/PG-01img.svg","width":816,"height":1056},{"@type":"BreadcrumbList","@id":"https:\/\/faculdadeguerra.edu.br\/novosite\/calendario\/#breadcrumb","itemListElement":[{"@type":"ListItem","position":1,"name":"In\u00edcio","item":"https:\/\/faculdadeguerra.edu.br\/novosite\/"},{"@type":"ListItem","position":2,"name":"calend\u00e1rio"}]},{"@type":"WebSite","@id":"https:\/\/faculdadeguerra.edu.br\/novosite\/#website","url":"https:\/\/faculdadeguerra.edu.br\/novosite\/","name":"Faculdade Guerra","description":"Faculdade Guerra: Excel\u00eancia acad\u00eamica em Direito e Seguran\u00e7a P\u00fablica. Gradua\u00e7\u00e3o, P\u00f3s-Gradua\u00e7\u00e3o e cursos t\u00e9cnicos com infraestrutura moderna e corpo docente renomado. Transforme sua carreira!","publisher":{"@id":"https:\/\/faculdadeguerra.edu.br\/novosite\/#organization"},"potentialAction":[{"@type":"SearchAction","target":{"@type":"EntryPoint","urlTemplate":"https:\/\/faculdadeguerra.edu.br\/novosite\/?s={search_term_string}"},"query-input":{"@type":"PropertyValueSpecification","valueRequired":true,"valueName":"search_term_string"}}],"inLanguage":"pt-BR"},{"@type":"Organization","@id":"https:\/\/faculdadeguerra.edu.br\/novosite\/#organization","name":"Faculdade Guerra","url":"https:\/\/faculdadeguerra.edu.br\/novosite\/","logo":{"@type":"ImageObject","inLanguage":"pt-BR","@id":"https:\/\/faculdadeguerra.edu.br\/novosite\/#\/schema\/logo\/image\/","url":"https:\/\/i0.wp.com\/faculdadeguerra.edu.br\/novosite\/wp-content\/uploads\/2025\/03\/logo.png?fit=2091%2C578&ssl=1","contentUrl":"https:\/\/i0.wp.com\/faculdadeguerra.edu.br\/novosite\/wp-content\/uploads\/2025\/03\/logo.png?fit=2091%2C578&ssl=1","width":2091,"height":578,"caption":"Faculdade Guerra"},"image":{"@id":"https:\/\/faculdadeguerra.edu.br\/novosite\/#\/schema\/logo\/image\/"}}]}},"jetpack_sharing_enabled":true,"_links":{"self":[{"href":"https:\/\/faculdadeguerra.edu.br\/novosite\/wp-json\/wp\/v2\/pages\/1313","targetHints":{"allow":["GET"]}}],"collection":[{"href":"https:\/\/faculdadeguerra.edu.br\/novosite\/wp-json\/wp\/v2\/pages"}],"about":[{"href":"https:\/\/faculdadeguerra.edu.br\/novosite\/wp-json\/wp\/v2\/types\/page"}],"author":[{"embeddable":true,"href":"https:\/\/faculdadeguerra.edu.br\/novosite\/wp-json\/wp\/v2\/users\/3"}],"replies":[{"embeddable":true,"href":"https:\/\/faculdadeguerra.edu.br\/novosite\/wp-json\/wp\/v2\/comments?post=1313"}],"version-history":[{"count":44,"href":"https:\/\/faculdadeguerra.edu.br\/novosite\/wp-json\/wp\/v2\/pages\/1313\/revisions"}],"predecessor-version":[{"id":4266,"href":"https:\/\/faculdadeguerra.edu.br\/novosite\/wp-json\/wp\/v2\/pages\/1313\/revisions\/4266"}],"wp:attachment":[{"href":"https:\/\/faculdadeguerra.edu.br\/novosite\/wp-json\/wp\/v2\/media?parent=1313"}],"curies":[{"name":"wp","href":"https:\/\/api.w.org\/{rel}","templated":true}]}}